{"id":4515,"date":"2021-07-06T13:47:15","date_gmt":"2021-07-06T17:47:15","guid":{"rendered":"http:\/\/apothic.ca\/frequently-asked-questions\/"},"modified":"2023-04-12T14:02:26","modified_gmt":"2023-04-12T18:02:26","slug":"foire-aux-questions","status":"publish","type":"page","link":"https:\/\/apothic.ca\/fr\/foire-aux-questions\/","title":{"rendered":"Foire aux questions"},"content":{"rendered":"","protected":false},"excerpt":{"rendered":"","protected":false},"author":1,"featured_media":0,"parent":0,"menu_order":0,"comment_status":"closed","ping_status":"closed","template":"","meta":{"_acf_changed":false,"_seopress_robots_primary_cat":"","_seopress_titles_title":"Foire aux questions | Les vins Apothic","_seopress_titles_desc":"Des r\u00e9ponses aux questions fr\u00e9quentes sur le vin. Combien de types de vins rouges existe-t-il?  Combien de temps le vin rouge se conserve-t-il apr\u00e8s ouverture?","_seopress_robots_index":"","footnotes":""},"class_list":["post-4515","page","type-page","status-publish","hentry"],"acf":[],"publishpress_future_action":{"enabled":false,"date":"2026-04-28 13:24:47","action":"change-status","newStatus":"draft","terms":[],"taxonomy":"translation_priority","extraData":[]},"publishpress_future_workflow_manual_trigger":{"enabledWorkflows":[]},"_links":{"self":[{"href":"https:\/\/apothic.ca\/fr\/wp-json\/wp\/v2\/pages\/4515","targetHints":{"allow":["GET"]}}],"collection":[{"href":"https:\/\/apothic.ca\/fr\/wp-json\/wp\/v2\/pages"}],"about":[{"href":"https:\/\/apothic.ca\/fr\/wp-json\/wp\/v2\/types\/page"}],"author":[{"embeddable":true,"href":"https:\/\/apothic.ca\/fr\/wp-json\/wp\/v2\/users\/1"}],"replies":[{"embeddable":true,"href":"https:\/\/apothic.ca\/fr\/wp-json\/wp\/v2\/comments?post=4515"}],"version-history":[{"count":5,"href":"https:\/\/apothic.ca\/fr\/wp-json\/wp\/v2\/pages\/4515\/revisions"}],"predecessor-version":[{"id":5374,"href":"https:\/\/apothic.ca\/fr\/wp-json\/wp\/v2\/pages\/4515\/revisions\/5374"}],"wp:attachment":[{"href":"https:\/\/apothic.ca\/fr\/wp-json\/wp\/v2\/media?parent=4515"}],"curies":[{"name":"wp","href":"https:\/\/api.w.org\/{rel}","templated":true}]}}