{"id":4506,"date":"2022-09-01T10:36:59","date_gmt":"2022-09-01T14:36:59","guid":{"rendered":"http:\/\/apothic.ca\/?page_id=4506"},"modified":"2022-10-11T13:43:30","modified_gmt":"2022-10-11T17:43:30","slug":"apothic","status":"publish","type":"page","link":"https:\/\/apothic.ca\/fr\/","title":{"rendered":"Apothic"},"content":{"rendered":"","protected":false},"excerpt":{"rendered":"","protected":false},"author":5,"featured_media":0,"parent":0,"menu_order":0,"comment_status":"closed","ping_status":"closed","template":"","meta":{"_acf_changed":false,"_seopress_robots_primary_cat":"","_seopress_titles_title":"Vin rouge et blanc, Vins Apothic | Pouvez-vous savourer l'exp\u00e9rience?","_seopress_titles_desc":"Les vins Apothic sont \u00e9labor\u00e9s \u00e0 partir des raisins californiens les plus distinctifs. Une longue finale lisse rend Apothic parfait pour les soir\u00e9es entre amis.","_seopress_robots_index":"","footnotes":""},"class_list":["post-4506","page","type-page","status-publish","hentry"],"acf":[],"publishpress_future_action":{"enabled":false,"date":"2026-04-24 19:24:03","action":"change-status","newStatus":"draft","terms":[],"taxonomy":"translation_priority","extraData":[]},"publishpress_future_workflow_manual_trigger":{"enabledWorkflows":[]},"_links":{"self":[{"href":"https:\/\/apothic.ca\/fr\/wp-json\/wp\/v2\/pages\/4506","targetHints":{"allow":["GET"]}}],"collection":[{"href":"https:\/\/apothic.ca\/fr\/wp-json\/wp\/v2\/pages"}],"about":[{"href":"https:\/\/apothic.ca\/fr\/wp-json\/wp\/v2\/types\/page"}],"author":[{"embeddable":true,"href":"https:\/\/apothic.ca\/fr\/wp-json\/wp\/v2\/users\/5"}],"replies":[{"embeddable":true,"href":"https:\/\/apothic.ca\/fr\/wp-json\/wp\/v2\/comments?post=4506"}],"version-history":[{"count":5,"href":"https:\/\/apothic.ca\/fr\/wp-json\/wp\/v2\/pages\/4506\/revisions"}],"predecessor-version":[{"id":5276,"href":"https:\/\/apothic.ca\/fr\/wp-json\/wp\/v2\/pages\/4506\/revisions\/5276"}],"wp:attachment":[{"href":"https:\/\/apothic.ca\/fr\/wp-json\/wp\/v2\/media?parent=4506"}],"curies":[{"name":"wp","href":"https:\/\/api.w.org\/{rel}","templated":true}]}}