{"id":4469,"date":"2019-07-24T14:22:08","date_gmt":"2019-07-24T18:22:08","guid":{"rendered":"http:\/\/apothic.ca\/where-to-buy\/"},"modified":"2023-09-26T09:02:39","modified_gmt":"2023-09-26T13:02:39","slug":"ou-acheter","status":"publish","type":"page","link":"https:\/\/apothic.ca\/fr\/ou-acheter\/","title":{"rendered":"O\u00f9 acheter"},"content":{"rendered":"","protected":false},"excerpt":{"rendered":"","protected":false},"author":1,"featured_media":0,"parent":0,"menu_order":0,"comment_status":"closed","ping_status":"closed","template":"","meta":{"_acf_changed":false,"_seopress_robots_primary_cat":"","_seopress_titles_title":"O\u00f9 acheter | Les vins Apothic","_seopress_titles_desc":"D\u00e9couvrez o\u00f9 acheter vos vins Apothic pr\u00e9f\u00e9r\u00e9s et passez une soir\u00e9e parfaite entre amis.","_seopress_robots_index":"","footnotes":""},"class_list":["post-4469","page","type-page","status-publish","hentry"],"acf":[],"publishpress_future_action":{"enabled":false,"date":"2026-04-15 19:43:30","action":"change-status","newStatus":"draft","terms":[],"taxonomy":"translation_priority","extraData":[]},"publishpress_future_workflow_manual_trigger":{"enabledWorkflows":[]},"_links":{"self":[{"href":"https:\/\/apothic.ca\/fr\/wp-json\/wp\/v2\/pages\/4469","targetHints":{"allow":["GET"]}}],"collection":[{"href":"https:\/\/apothic.ca\/fr\/wp-json\/wp\/v2\/pages"}],"about":[{"href":"https:\/\/apothic.ca\/fr\/wp-json\/wp\/v2\/types\/page"}],"author":[{"embeddable":true,"href":"https:\/\/apothic.ca\/fr\/wp-json\/wp\/v2\/users\/1"}],"replies":[{"embeddable":true,"href":"https:\/\/apothic.ca\/fr\/wp-json\/wp\/v2\/comments?post=4469"}],"version-history":[{"count":5,"href":"https:\/\/apothic.ca\/fr\/wp-json\/wp\/v2\/pages\/4469\/revisions"}],"predecessor-version":[{"id":5405,"href":"https:\/\/apothic.ca\/fr\/wp-json\/wp\/v2\/pages\/4469\/revisions\/5405"}],"wp:attachment":[{"href":"https:\/\/apothic.ca\/fr\/wp-json\/wp\/v2\/media?parent=4469"}],"curies":[{"name":"wp","href":"https:\/\/api.w.org\/{rel}","templated":true}]}}